{"id":3060,"date":"2022-06-29T09:46:49","date_gmt":"2022-06-29T09:46:49","guid":{"rendered":"https:\/\/www.peraladaresort.com\/politica-de-cookies\/"},"modified":"2022-08-11T10:41:34","modified_gmt":"2022-08-11T10:41:34","slug":"politica-de-cookies","status":"publish","type":"page","link":"https:\/\/www.peraladaresort.com\/fr\/politica-de-cookies\/","title":{"rendered":"Pol\u00edtica de Cookies"},"content":{"rendered":"\t\t<div data-elementor-type=\"wp-page\" data-elementor-id=\"3060\" class=\"elementor elementor-3060 elementor-2660\" data-elementor-post-type=\"page\">\n\t\t\t\t\t\t<section class=\"elementor-section elementor-top-section elementor-element elementor-element-56ff4f2 elementor-section-full_width feat-title-section elementor-section-height-default elementor-section-height-default\" data-id=\"56ff4f2\" data-element_type=\"section\" data-e-type=\"section\" data-settings=\"{&quot;background_background&quot;:&quot;classic&quot;}\">\n\t\t\t\t\t\t<div class=\"elementor-container elementor-column-gap-no\">\n\t\t\t\t\t<div class=\"elementor-column elementor-col-100 elementor-top-column elementor-element elementor-element-3991406\" data-id=\"3991406\" data-element_type=\"column\" data-e-type=\"column\" data-settings=\"{&quot;background_background&quot;:&quot;classic&quot;}\">\n\t\t\t<div class=\"elementor-widget-wrap elementor-element-populated\">\n\t\t\t\t\t<div class=\"elementor-background-overlay\"><\/div>\n\t\t\t\t\t\t<section class=\"elementor-section elementor-inner-section elementor-element elementor-element-d168417 elementor-section-boxed elementor-section-height-default elementor-section-height-default\" data-id=\"d168417\" data-element_type=\"section\" data-e-type=\"section\">\n\t\t\t\t\t\t<div class=\"elementor-container elementor-column-gap-default\">\n\t\t\t\t\t<div class=\"elementor-column elementor-col-100 elementor-inner-column elementor-element elementor-element-9c82bee\" data-id=\"9c82bee\" data-element_type=\"column\" data-e-type=\"column\">\n\t\t\t<div class=\"elementor-widget-wrap elementor-element-populated\">\n\t\t\t\t\t\t<div class=\"elementor-element elementor-element-cccded0 animated-slow title elementor-invisible elementor-widget elementor-widget-heading\" data-id=\"cccded0\" data-element_type=\"widget\" data-e-type=\"widget\" data-settings=\"{&quot;_animation&quot;:&quot;fadeInUp&quot;,&quot;_animation_delay&quot;:500}\" data-widget_type=\"heading.default\">\n\t\t\t\t<div class=\"elementor-widget-container\">\n\t\t\t\t\t<h1 class=\"elementor-heading-title elementor-size-default\">Pol\u00edtica de Cookies<\/h1>\t\t\t\t<\/div>\n\t\t\t\t<\/div>\n\t\t\t\t\t<\/div>\n\t\t<\/div>\n\t\t\t\t\t<\/div>\n\t\t<\/section>\n\t\t\t\t\t<\/div>\n\t\t<\/div>\n\t\t\t\t\t<\/div>\n\t\t<\/section>\n\t\t\t\t<section class=\"elementor-section elementor-top-section elementor-element elementor-element-c02c169 slider-images-wrapper elementor-section-boxed elementor-section-height-default elementor-section-height-default\" data-id=\"c02c169\" data-element_type=\"section\" data-e-type=\"section\">\n\t\t\t\t\t\t<div class=\"elementor-container elementor-column-gap-no\">\n\t\t\t\t\t<div class=\"elementor-column elementor-col-100 elementor-top-column elementor-element elementor-element-9c762c3\" data-id=\"9c762c3\" data-element_type=\"column\" data-e-type=\"column\">\n\t\t\t<div class=\"elementor-widget-wrap elementor-element-populated\">\n\t\t\t\t\t\t<div class=\"elementor-element elementor-element-11913c9 elementor-widget elementor-widget-text-editor\" data-id=\"11913c9\" data-element_type=\"widget\" data-e-type=\"widget\" data-widget_type=\"text-editor.default\">\n\t\t\t\t<div class=\"elementor-widget-container\">\n\t\t\t\t\t\t\t\t\t<p>La plupart des sites web utilisent des cookies, principalement pour am\u00e9liorer l&rsquo;exp\u00e9rience des utilisateurs. En g\u00e9n\u00e9ral, les cookies ne peuvent pas nuire \u00e0 l&rsquo;ordinateur qui les stocke, mais certains utilisateurs pr\u00e9f\u00e8rent les bloquer et supprimer ceux qui sont d\u00e9j\u00e0 install\u00e9s. Pour que vous puissiez d\u00e9cider ce que vous voulez en faire, nous vous expliquons ce que sont les cookies, quel type nous utilisons sur notre site web et comment configurer leurs param\u00e8tres.<\/p><p>Gr\u00e2ce \u00e0 notre outil de configuration et de consentement aux cookies, vous pouvez s\u00e9lectionner les cookies que vous souhaitez installer, les accepter tous ou les rejeter tous, \u00e0 l&rsquo;exception de ceux strictement n\u00e9cessaires au fonctionnement du site web.<\/p><p><strong>1. qu&rsquo;est-ce qu&rsquo;un cookie ?<\/strong><\/p><p>Les cookies sont des cha\u00eenes d&rsquo;informations qui sont stock\u00e9es sur votre ordinateur de bureau, votre ordinateur portable ou votre appareil mobile lorsque vous visitez un site web. Une fois enregistr\u00e9s, lorsque vous visitez \u00e0 nouveau ce site web, votre navigateur renvoie ces cookies \u00e0 ce site web ou \u00e0 un autre site web qui reconna\u00eet ces cookies.<\/p><p>Vous pouvez trouver plus d&rsquo;informations sur les cookies \u00e0 l&rsquo;adresse suivante :<\/p><p><a href=\"http:\/\/www.w3schools.com\/ASP\/asp_cookies.asp\">http:\/\/www.w3schools.com\/ASP\/asp_cookies.asp<\/a><\/p><p><a href=\"http:\/\/www.allaboutcookies.org\/es\/galletas\/\">http:\/\/www.allaboutcookies.org\/es\/galletas\/<\/a><\/p><p><strong>2. Autres technologies similaires<\/strong><\/p><p><strong>\u201cP\u00edxeles\u201d o \u201cWeb Beacons\u201d<\/strong><\/p><p>Il s&rsquo;agit de technologies similaires aux cookies. Plus pr\u00e9cis\u00e9ment, un pixel ou une balise Web est un petit fichier graphique qui nous permet de surveiller l&rsquo;utilisation de nos pages Web, ainsi que de l&rsquo;utiliser \u00e0 des fins publicitaires. Ces fichiers peuvent recueillir des informations telles que l&rsquo;adresse IP de l&rsquo;ordinateur qui t\u00e9l\u00e9charge la page sur laquelle se trouve le pixel ou la balise web, l&rsquo;URL de la page sur laquelle appara\u00eet le pixel ou la balise web, l&rsquo;heure de visite de la page contenant le pixel de suivi, le type de navigateur qui re\u00e7oit le pixel ou la balise web et le num\u00e9ro d&rsquo;identification de tout cookie informatique pr\u00e9c\u00e9demment install\u00e9 par ce serveur.<\/p><p><strong>Empreinte digitale<\/strong><\/p><p>Outre les informations collect\u00e9es par le biais des pixels ou des balises Web, nous pouvons utiliser d&rsquo;autres techniques similaires aux cookies, telles que les empreintes digitales. Ces outils sont utilis\u00e9s pour identifier et suivre l&rsquo;activit\u00e9 r\u00e9alis\u00e9e par l&rsquo;utilisateur et pour r\u00e9aliser un profil de l&rsquo;utilisateur gr\u00e2ce aux informations collect\u00e9es, dont, par exemple, l&rsquo;adresse IP, le navigateur, la r\u00e9solution d&rsquo;\u00e9cran, le syst\u00e8me d&rsquo;exploitation, la langue utilis\u00e9e, le fuseau horaire, etc.<\/p><p>En tout \u00e9tat de cause, leur finalit\u00e9 est similaire \u00e0 celle des cookies, de sorte qu&rsquo;\u00e0 partir de maintenant, lorsqu&rsquo;il est fait r\u00e9f\u00e9rence aux cookies, les pixels ou balises web seront \u00e9galement inclus.<\/p><p>Nous expliquons ci-dessous les diff\u00e9rents types de cookies qui existent et que nous pouvons utiliser sur notre site web, sans pr\u00e9judice des informations auxquelles vous pouvez acc\u00e9der \u00e0 travers l&rsquo;outil lui-m\u00eame, en cliquant sur le bouton \u00ab\u00a0Afficher les d\u00e9tails\u00a0\u00bb, o\u00f9 vous trouverez le d\u00e9tail de ceux qui sont effectivement install\u00e9s \u00e0 un moment donn\u00e9 :<\/p><p><strong>3. Quels sont les cookies que nous utilisons sur notre site web ?<\/strong><\/p><ul><li><strong>En fonction de la dur\u00e9e des cookies :<\/strong><\/li><\/ul><p><strong>Cookies de session :<\/strong><\/p><p>ce sont des cookies temporaires qui restent dans le fichier de cookies de votre navigateur jusqu&rsquo;\u00e0 ce que vous quittiez le site web et ne sont pas enregistr\u00e9s sur le disque dur de votre appareil. Les informations obtenues gr\u00e2ce \u00e0 ces cookies sont utilis\u00e9es pour analyser les sch\u00e9mas de trafic web. \u00c0 long terme, ils nous permettent de fournir une meilleure exp\u00e9rience pour am\u00e9liorer le contenu et faciliter son utilisation.<\/p><p><strong>Cookies permanents :<\/strong><\/p><p>Ils sont stock\u00e9s sur le disque dur et le site web les lit chaque fois que vous revisitez la page Un cookie persistant a une date d&rsquo;expiration. Le cookie cessera de fonctionner apr\u00e8s cette date.<\/p><p>Les cookies peuvent \u00e9galement \u00eatre des cookies \u00ab\u00a0<strong>propres<\/strong>\u00a0\u00bb ou \u00ab\u00a0<strong>tiers<\/strong>\u00ab\u00a0. Les premiers sont ceux qui sont envoy\u00e9s \u00e0 l&rsquo;ordinateur de l&rsquo;utilisateur \u00e0 partir d&rsquo;un ordinateur ou d&rsquo;un domaine g\u00e9r\u00e9 par nous, tandis que les cookies \u00a0\u00bb tiers \u00a0\u00bb sont ceux qui sont envoy\u00e9s \u00e0 l&rsquo;ordinateur de l&rsquo;utilisateur \u00e0 partir d&rsquo;un ordinateur ou d&rsquo;un domaine g\u00e9r\u00e9 par des prestataires de services sous contrat (par exemple, le service d&rsquo;analyse web).<\/p><ul><li><strong>En fonction de l&rsquo;objectif des cookies :<\/strong><\/li><\/ul><p><strong>Cookies techniques \u00e0 usage interne et cookies fonctionnels<\/strong><\/p><p>Ce site web utilise des cookies \u00e0 usage interne qui sont essentiels au fonctionnement du site web, comme ceux qui permettent l&rsquo;authentification ou le maintien de la session de l&rsquo;utilisateur enregistr\u00e9 lors de la navigation sur le site web, et qui sont n\u00e9cessaires au fonctionnement du site web.<\/p><p>Nous installons \u00e9galement des cookies fonctionnels qui am\u00e9liorent la convivialit\u00e9 du site web et permettent certaines fonctionnalit\u00e9s suppl\u00e9mentaires, que ce soit pour la personnalisation, comme la s\u00e9lection de la langue, ou pour la s\u00e9curit\u00e9 et l&rsquo;optimisation du fonctionnement du site web. La d\u00e9sactivation de ces cookies emp\u00eache le bon fonctionnement de ces fonctionnalit\u00e9s du site web et il est donc possible que vous ne puissiez pas les utiliser ou naviguer correctement.<\/p><p><strong>Cookies des fonctionnalit\u00e9s des m\u00e9dias sociaux<\/strong><\/p><p>Notre site web int\u00e8gre des espaces et des contenus dans lesquels des boutons sociaux ont \u00e9t\u00e9 inclus afin que les utilisateurs puissent partager nos contenus sur les r\u00e9seaux sociaux.<\/p><p>Nous ne contr\u00f4lons pas les cookies que chaque r\u00e9seau social installe, bien qu&rsquo;il s&rsquo;agisse g\u00e9n\u00e9ralement de cookies techniques pour contr\u00f4ler la connexion ou afficher le compteur qui indique combien de fois un certain contenu a \u00e9t\u00e9 partag\u00e9.<\/p><p>Nous recommandons \u00e0 tous les utilisateurs de consulter les conditions relatives \u00e0 la confidentialit\u00e9 et aux cookies de chaque r\u00e9seau social et, le cas \u00e9ch\u00e9ant, de modifier les param\u00e8tres de confidentialit\u00e9 de chacun d&rsquo;entre eux afin de limiter les objectifs de suivi qu&rsquo;ils peuvent, le cas \u00e9ch\u00e9ant, r\u00e9aliser.<\/p><p>\u00c9tant donn\u00e9 que ces cookies ne sont install\u00e9s ou ex\u00e9cut\u00e9s que si l&rsquo;utilisateur fait usage de cette fonctionnalit\u00e9, ils sont consid\u00e9r\u00e9s comme techniques et ne peuvent \u00eatre bloqu\u00e9s.<\/p><p><strong>Cookies analytiques<\/strong><\/p><p>Ce site web utilise des cookies analytiques pour collecter des statistiques sur l&rsquo;activit\u00e9 des utilisateurs sur le site web et l&rsquo;activit\u00e9 g\u00e9n\u00e9rale du site web. Les informations recueillies nous permettent d&rsquo;optimiser la navigation sur notre site et de garantir le meilleur service \u00e0 l&rsquo;utilisateur, en connaissant par exemple le nombre de pages visit\u00e9es, la langue utilis\u00e9e, la fr\u00e9quence et la r\u00e9currence des visites, l&rsquo;heure des visites ou le navigateur utilis\u00e9, entre autres. L&rsquo;utilisateur peut exclure son activit\u00e9 au moyen de notre configurateur de cookies, des syst\u00e8mes d&rsquo;exclusion fournis par les outils analytiques ou de la configuration de son propre navigateur.  <\/p><p>Les cookies analytiques utilis\u00e9s sont les suivants :<\/p><p><strong>Cookies publicitaires<\/strong><\/p><p>Il s&rsquo;agit de cookies stock\u00e9s par des tiers qui g\u00e8rent les espaces publicitaires que les utilisateurs voient lorsqu&rsquo;ils acc\u00e8dent \u00e0 ce site web. Ces cookies nous permettent de mesurer l&rsquo;efficacit\u00e9 de nos campagnes en ligne, de fournir aux utilisateurs des informations qui les int\u00e9ressent et de leur proposer le contenu publicitaire de leur choix. <\/p><p>Les cookies publicitaires utilis\u00e9s sont les suivants :<\/p><p><strong>4. Plus d&rsquo;informations<\/strong><\/p><p>Vous pouvez en savoir plus sur les cookies exacts que nous utilisons sur notre site web en utilisant notre outil de param\u00e9trage des cookies en cliquant sur le bouton \u00ab\u00a0Afficher les d\u00e9tails\u00a0\u00bb, o\u00f9 vous pouvez \u00e9galement s\u00e9lectionner et configurer les cookies que vous nous autorisez \u00e0 d\u00e9finir.<\/p><p>Cet outil est affich\u00e9 \u00e0 tous les utilisateurs lors de leur premi\u00e8re visite sur le site et est accessible \u00e0 tout moment en bas de la page.<\/p><p><strong>5. Comment configurer les param\u00e8tres des cookies.<\/strong><\/p><p>Vous pouvez g\u00e9rer et contr\u00f4ler vos param\u00e8tres de cookies de plusieurs fa\u00e7ons.<\/p><p>Veuillez noter que si vous supprimez ou bloquez les cookies, certaines ou toutes les pages Web que vous visitez (ou les fonctions sur ces pages) peuvent ne pas fonctionner correctement ou aussi efficacement qu&rsquo;auparavant.<\/p><p>Si vous d\u00e9sactivez nos cookies techniques ou supprimez tous les cookies, vos pr\u00e9f\u00e9rences ne seront pas enregistr\u00e9es et vous serez inform\u00e9 de nos cookies chaque fois que vous visiterez notre site Web. Vous pouvez les configurer \u00e0 partir de notre outil de consentement, de votre navigateur Web, ainsi que des pages Web des tiers qui installent des cookies sur votre appareil via nos pages Web. <\/p><ul><li><strong>Configuration des cookies \u00e0 l&rsquo;aide de notre outil de consentement<\/strong><\/li><\/ul><p>Nous avons mis en place un outil qui vous permet d&rsquo;obtenir des informations sur les cookies install\u00e9s par notre site web, dans lequel vous trouverez les informations suivantes :<\/p><ul><li><p>Nom du cookie : Il s&rsquo;agit du nom technique du cookie, qui sert \u00e0 l&rsquo;identifier et \u00e0 le localiser dans votre navigateur si vous souhaitez, par exemple, le supprimer manuellement.<\/p><\/li><li><p>Domaine : indique l&rsquo;origine du cookie, et donc s&rsquo;il nous appartient (car il provient d&rsquo;un domaine qui nous appartient), ou s&rsquo;il provient de tiers (car il provient d&rsquo;autres domaines).<\/p><\/li><li><p>Expiration : il s&rsquo;agit de la p\u00e9riode pendant laquelle chaque cookie restera install\u00e9 sur votre appareil.<\/p><\/li><li><p>Description : indique l&rsquo;objectif et la fonctionnalit\u00e9 de ce cookie particulier.<\/p><\/li><\/ul><p>Gr\u00e2ce \u00e0 cet outil, l&rsquo;utilisateur peut cliquer sur \u00ab\u00a0Accepter les cookies\u00a0\u00bb, c&rsquo;est-\u00e0-dire les accepter tous, \u00ab\u00a0Ne pas accepter les cookies\u00a0\u00bb, c&rsquo;est-\u00e0-dire les rejeter tous, ou s\u00e9lectionner parmi les options disponibles ceux qu&rsquo;il souhaite autoriser et ceux qu&rsquo;il ne souhaite pas.<\/p><p>Vous pouvez \u00e9galement modifier votre choix \u00e0 tout moment en cliquant sur le bouton \u00ab\u00a0Param\u00e8tres des cookies\u00a0\u00bb situ\u00e9 en bas de notre site web, qui sera disponible \u00e0 tout moment de votre navigation.<\/p><ul><li><strong>D\u00e9sactiver les cookies de votre navigateur web<\/strong><\/li><\/ul><p>La plupart des navigateurs web vous fournissent des informations sur les cookies, vous permettant de voir quels cookies vous avez install\u00e9s, de les supprimer tous ou s\u00e9par\u00e9ment, et vous permettant de bloquer ou d&rsquo;autoriser les cookies de toutes les pages web ou de certaines d&rsquo;entre elles.<\/p><p>Vous pouvez \u00e9galement d\u00e9sactiver s\u00e9par\u00e9ment les cookies publicitaires tiers.<\/p><p>Veuillez noter que si vous configurez vos param\u00e8tres de cookies \u00e0 partir de votre navigateur web, les changements affecteront tous les sites web que vous visitez (pas seulement le n\u00f4tre), \u00e0 moins que vous ne supprimiez ou bloquiez chaque cookie s\u00e9par\u00e9ment.<\/p><p>Vous trouverez des informations sur les cookies dans la section \u00ab\u00a0Aide\u00a0\u00bb de votre navigateur web. Nous expliquons comment acc\u00e9der aux param\u00e8tres des cookies des navigateurs les plus couramment utilis\u00e9s. <\/p><ul><li>Chrome: <a href=\"http:\/\/support.google.com\/chrome\/bin\/answer.py?hl=es&amp;answer=95647\">http:\/\/support.google.com\/chrome\/bin\/answer.py?hl=es&amp;answer=95647<\/a><\/li><li>Firefox: <a href=\"http:\/\/support.mozilla.org\/es\/kb\/cookies-informacion-que-los-sitios-web-guardan-en-\">http:\/\/support.mozilla.org\/es\/kb\/cookies-informacion-que-los-sitios-web-guardan-en-<\/a><\/li><li>Safari: <a href=\"http:\/\/support.apple.com\/kb\/HT1677?viewlocale=es_ES\">http:\/\/support.apple.com\/kb\/HT1677?viewlocale=es_ES<\/a><\/li><li>Opera: <a href=\"http:\/\/help.opera.com\/Windows\/11.50\/es-ES\/cookies.html\">http:\/\/help.opera.com\/Windows\/11.50\/es-ES\/cookies.html<\/a><\/li><\/ul><ul><li><strong>Utilisation d&rsquo;outils ou de navigateurs tiers<\/strong><\/li><\/ul><p>Il existe des outils, g\u00e9n\u00e9ralement gratuits, qui permettent aux utilisateurs de bloquer les cookies des pages web, ou de s\u00e9lectionner les pages sur lesquelles ils souhaitent autoriser l&rsquo;installation de cookies.<\/p><p>Ces outils sont connus sous le nom d&rsquo;outils \u00ab\u00a0Do Not Track\u00a0\u00bb, et vous pouvez les trouver pour la plupart des navigateurs existants.<\/p><p>En outre, certains navigateurs int\u00e8grent d\u00e9j\u00e0 ce type de fonctionnalit\u00e9, de sorte que vous pouvez la configurer directement sans avoir \u00e0 installer d&rsquo;outils tiers.<\/p><p><strong>6. Cons\u00e9quences de la suppression des cookies<\/strong><\/p><p>Si, \u00e0 tout moment, vous supprimez les cookies de votre navigateur ou de votre appareil, veuillez noter que vos pr\u00e9f\u00e9rences et vos param\u00e8tres de cookies seront \u00e9galement supprim\u00e9s.<\/p><p>En tout \u00e9tat de cause, lorsque vous reviendrez sur notre site web, nous vous demanderons \u00e0 nouveau votre consentement \u00e0 leur installation.<\/p><p><strong>7. Mise \u00e0 jour des informations<\/strong><\/p><p>Nous pouvons modifier \u00e0 tout moment les cookies que nous installons sur notre site web, ainsi que le contenu de la pr\u00e9sente politique en mati\u00e8re de cookies, et nous recommandons donc \u00e0 tous nos utilisateurs de consulter r\u00e9guli\u00e8rement ces informations.<\/p><p>Chaque fois qu&rsquo;un nouveau consentement est requis, l&rsquo;outil de configuration des cookies r\u00e9appara\u00eet.<\/p><p><strong>8. Politique de confidentialit\u00e9<\/strong><\/p><p>Pour plus d&rsquo;informations sur le traitement des donn\u00e9es personnelles, ainsi que pour exercer vos droits, vous pouvez acc\u00e9der \u00e0 notre politique de confidentialit\u00e9, disponible au bas de notre site web.<\/p>\t\t\t\t\t\t\t\t<\/div>\n\t\t\t\t<\/div>\n\t\t\t\t\t<\/div>\n\t\t<\/div>\n\t\t\t\t\t<\/div>\n\t\t<\/section>\n\t\t\t\t<\/div>\n\t\t","protected":false},"excerpt":{"rendered":"<p>Pol\u00edtica de Cookies La plupart des sites web utilisent des cookies, principalement pour am\u00e9liorer l&rsquo;exp\u00e9rience des utilisateurs. En g\u00e9n\u00e9ral, les cookies ne peuvent pas nuire \u00e0 l&rsquo;ordinateur qui les stocke, mais certains utilisateurs pr\u00e9f\u00e8rent les bloquer et supprimer ceux qui sont d\u00e9j\u00e0 install\u00e9s. Pour que vous puissiez d\u00e9cider ce que vous voulez en faire, nous [&hellip;]<\/p>\n","protected":false},"author":1,"featured_media":0,"parent":0,"menu_order":0,"comment_status":"closed","ping_status":"closed","template":"","meta":{"footnotes":""},"class_list":["post-3060","page","type-page","status-publish","hentry"],"_links":{"self":[{"href":"https:\/\/www.peraladaresort.com\/fr\/wp-json\/wp\/v2\/pages\/3060","targetHints":{"allow":["GET"]}}],"collection":[{"href":"https:\/\/www.peraladaresort.com\/fr\/wp-json\/wp\/v2\/pages"}],"about":[{"href":"https:\/\/www.peraladaresort.com\/fr\/wp-json\/wp\/v2\/types\/page"}],"author":[{"embeddable":true,"href":"https:\/\/www.peraladaresort.com\/fr\/wp-json\/wp\/v2\/users\/1"}],"replies":[{"embeddable":true,"href":"https:\/\/www.peraladaresort.com\/fr\/wp-json\/wp\/v2\/comments?post=3060"}],"version-history":[{"count":0,"href":"https:\/\/www.peraladaresort.com\/fr\/wp-json\/wp\/v2\/pages\/3060\/revisions"}],"wp:attachment":[{"href":"https:\/\/www.peraladaresort.com\/fr\/wp-json\/wp\/v2\/media?parent=3060"}],"curies":[{"name":"wp","href":"https:\/\/api.w.org\/{rel}","templated":true}]}}