{"id":3010,"date":"2022-06-29T09:46:49","date_gmt":"2022-06-29T09:46:49","guid":{"rendered":"https:\/\/www.peraladaresort.com\/politica-de-cookies\/"},"modified":"2022-08-11T11:06:56","modified_gmt":"2022-08-11T11:06:56","slug":"politica-de-cookies","status":"publish","type":"page","link":"https:\/\/www.peraladaresort.com\/es\/politica-de-cookies\/","title":{"rendered":"Pol\u00edtica de Cookies"},"content":{"rendered":"\t\t<div data-elementor-type=\"wp-page\" data-elementor-id=\"3010\" class=\"elementor elementor-3010 elementor-2660\" data-elementor-post-type=\"page\">\n\t\t\t\t\t\t<section class=\"elementor-section elementor-top-section elementor-element elementor-element-56ff4f2 elementor-section-full_width feat-title-section elementor-section-height-default elementor-section-height-default\" data-id=\"56ff4f2\" data-element_type=\"section\" data-e-type=\"section\" data-settings=\"{&quot;background_background&quot;:&quot;classic&quot;}\">\n\t\t\t\t\t\t<div class=\"elementor-container elementor-column-gap-no\">\n\t\t\t\t\t<div class=\"elementor-column elementor-col-100 elementor-top-column elementor-element elementor-element-3991406\" data-id=\"3991406\" data-element_type=\"column\" data-e-type=\"column\" data-settings=\"{&quot;background_background&quot;:&quot;classic&quot;}\">\n\t\t\t<div class=\"elementor-widget-wrap elementor-element-populated\">\n\t\t\t\t\t<div class=\"elementor-background-overlay\"><\/div>\n\t\t\t\t\t\t<section class=\"elementor-section elementor-inner-section elementor-element elementor-element-d168417 elementor-section-boxed elementor-section-height-default elementor-section-height-default\" data-id=\"d168417\" data-element_type=\"section\" data-e-type=\"section\">\n\t\t\t\t\t\t<div class=\"elementor-container elementor-column-gap-default\">\n\t\t\t\t\t<div class=\"elementor-column elementor-col-100 elementor-inner-column elementor-element elementor-element-9c82bee\" data-id=\"9c82bee\" data-element_type=\"column\" data-e-type=\"column\">\n\t\t\t<div class=\"elementor-widget-wrap elementor-element-populated\">\n\t\t\t\t\t\t<div class=\"elementor-element elementor-element-cccded0 animated-slow title elementor-invisible elementor-widget elementor-widget-heading\" data-id=\"cccded0\" data-element_type=\"widget\" data-e-type=\"widget\" data-settings=\"{&quot;_animation&quot;:&quot;fadeInUp&quot;,&quot;_animation_delay&quot;:500}\" data-widget_type=\"heading.default\">\n\t\t\t\t<div class=\"elementor-widget-container\">\n\t\t\t\t\t<h1 class=\"elementor-heading-title elementor-size-default\">Pol\u00edtica de Cookies<\/h1>\t\t\t\t<\/div>\n\t\t\t\t<\/div>\n\t\t\t\t\t<\/div>\n\t\t<\/div>\n\t\t\t\t\t<\/div>\n\t\t<\/section>\n\t\t\t\t\t<\/div>\n\t\t<\/div>\n\t\t\t\t\t<\/div>\n\t\t<\/section>\n\t\t\t\t<section class=\"elementor-section elementor-top-section elementor-element elementor-element-c02c169 slider-images-wrapper elementor-section-boxed elementor-section-height-default elementor-section-height-default\" data-id=\"c02c169\" data-element_type=\"section\" data-e-type=\"section\">\n\t\t\t\t\t\t<div class=\"elementor-container elementor-column-gap-no\">\n\t\t\t\t\t<div class=\"elementor-column elementor-col-100 elementor-top-column elementor-element elementor-element-9c762c3\" data-id=\"9c762c3\" data-element_type=\"column\" data-e-type=\"column\">\n\t\t\t<div class=\"elementor-widget-wrap elementor-element-populated\">\n\t\t\t\t\t\t<div class=\"elementor-element elementor-element-11913c9 elementor-widget elementor-widget-text-editor\" data-id=\"11913c9\" data-element_type=\"widget\" data-e-type=\"widget\" data-widget_type=\"text-editor.default\">\n\t\t\t\t<div class=\"elementor-widget-container\">\n\t\t\t\t\t\t\t\t\t<p>Gran parte de las p\u00e1ginas web utilizan cookies, principalmente para mejorar la experiencia del usuario. En general las cookies no pueden perjudicar al equipo que las almacena, pero algunos usuarios prefieren bloquearlas y borrar las ya instaladas. Para que pueda decidir qu\u00e9 hacer con ellas le explicamos qu\u00e9 son las cookies, qu\u00e9 tipo usamos en nuestra web y como configurar sus ajustes.<\/p><p>Mediante nuestra herramienta de configuraci\u00f3n y consentimiento de cookies puede seleccionar qu\u00e9 cookies desea instalar, aceptarlas todas, o rechazarlas todas, excepto las estrictamente necesarias para el funcionamiento de la p\u00e1gina web.<\/p><p><strong>1. \u00bfQu\u00e9 es una cookie?<\/strong><\/p><p>Las cookies son cadenas de informaci\u00f3n que se guardan en su ordenador de sobremesa, port\u00e1til o dispositivo m\u00f3vil cuando visita un sitio web. Una vez guardadas, cuando vuelva a visitar ese sitio web, su navegador vuelve a enviar estas cookies a dicho sitio web o a otro que reconozca estas cookies. <\/p><p>Puede encontrar m\u00e1s informaci\u00f3n sobre las cookies en:<\/p><p><a href=\"http:\/\/www.w3schools.com\/ASP\/asp_cookies.asp\">http:\/\/www.w3schools.com\/ASP\/asp_cookies.asp<\/a><\/p><p><a href=\"http:\/\/www.allaboutcookies.org\/es\/galletas\/\">http:\/\/www.allaboutcookies.org\/es\/galletas\/<\/a><\/p><p><strong>2. Otras tecnolog\u00edas similares<\/strong><\/p><p><strong>\u201cP\u00edxeles\u201d o \u201cWeb Beacons\u201d<\/strong><\/p><p>Se trata de tecnolog\u00edas similares a las cookies. En concreto, el Pixel o Web Beacon es un peque\u00f1o fichero gr\u00e1fico que nos permite controlar el uso de nuestras p\u00e1ginas web, as\u00ed como utilizarlo con fines publicitarios. Puede que estos archivos recopilen informaci\u00f3n como la direcci\u00f3n IP del ordenador que descarga la p\u00e1gina en la que se encuentra el p\u00edxel o web beacon, la URL de la p\u00e1gina en la que aparece el p\u00edxel o web beacon, el tiempo de visita a la p\u00e1gina que contiene el p\u00edxel de seguimiento, el tipo de navegador que recibe dicho p\u00edxel o web beacon y el n\u00famero de identificaci\u00f3n de cualquier cookie del ordenador instalada anteriormente por ese servidor.  <\/p><p><strong>Fingerprint o huella digital<\/strong><\/p><p>Adem\u00e1s de la informaci\u00f3n recabada a trav\u00e9s de los Pixels o Web Beacons podemos utilizar otras t\u00e9cnicas similares a las Cookies como el fingerprint o la huella digital. Dichas herramientas son utilizadas para identificar y realizar un seguimiento de la actividad realizada por el usuario y realizar un perfilado del mismo a trav\u00e9s de la informaci\u00f3n recabada entre la que se encuentra, por ejemplo, la direcci\u00f3n IP, navegador, resoluci\u00f3n de la pantalla, sistema operativo, idioma utilizado, zona horaria, etc. <\/p><p>En cualquier caso, su finalidad es similar a la de las cookies, por lo que en adelante cuando se haga referencia a las cookies se incluir\u00e1 tambi\u00e9n los p\u00edxeles o web beacons.<\/p><p>A continuaci\u00f3n, le explicamos los diferentes tipos de cookies que existen y que podemos utilizar en nuestra p\u00e1gina web, sin perjuicio de la informaci\u00f3n a la que pueda acceder mediante la propia herramienta, pulsando en el bot\u00f3n \u201cMostrar detalles\u201d, donde encontrar\u00e1 el detalle de las que efectivamente se instalan en cada momento:<\/p><p><strong>3. Qu\u00e9 cookies usamos en nuestra web?<\/strong><\/p><ul><li><strong>Seg\u00fan la duraci\u00f3n de las cookies:<\/strong><\/li><\/ul><p><strong>Cookies de sesi\u00f3n:<\/strong><\/p><p>son cookies temporales que permanecen en el archivo de cookies del navegador hasta que abandona la web y no quedan registradas en el disco duro de su dispositivo. La informaci\u00f3n obtenida por medio de estas cookies sirve para analizar pautas de tr\u00e1fico en la web. A la larga permiten proporcionar una mejor experiencia para mejorar el contenido y facilitar su uso.  <\/p><p><strong>Cookies permanentes:<\/strong><\/p><p>Quedan almacenadas en el disco duro y la web las lee cada vez que vuelve a visitar la p\u00e1gina. Una cookie de este tipo posee una fecha de caducidad determinada. La cookie dejar\u00e1 de funcionar despu\u00e9s de esa fecha.  <\/p><p>Asimismo, las cookies pueden ser \u201c<strong>propias<\/strong>\u201d o de \u201c<strong>terceros<\/strong>\u201d. Las primeras son aquellas que se env\u00edan al ordenador del usuario desde un equipo o dominio gestionado por nosotros, mientras que las cookies de \u201cterceros\u201d son aquellas que se env\u00edan al ordenador del usuario desde un equipo o dominio gestionado por los proveedores de servicios contratados (por ejemplo, el servicio de anal\u00edtica web). <\/p><ul><li><strong>Seg\u00fan la finalidad de las cookies:<\/strong><\/li><\/ul><p><strong>Cookies t\u00e9cnicas de uso interno y cookies funcionales<\/strong><\/p><p>Esta web utiliza cookies de uso interno imprescindibles para el funcionamiento de la web, como por ejemplo aquellas que permiten la autenticaci\u00f3n o el mantenimiento de la sesi\u00f3n del usuario registrado cuando navega por la p\u00e1gina, y que son necesarias para el funcionamiento de la p\u00e1gina web.<\/p><p>Asimismo, instalamos cookies funcionales que mejoran la usabilidad de la p\u00e1gina web, y permiten determinadas funcionalidades adicionales, ya sean de personalizaci\u00f3n como la elecci\u00f3n del idioma, o de seguridad y optimizaci\u00f3n del funcionamiento de la p\u00e1gina web. La desactivaci\u00f3n de estas cookies impide el funcionamiento correcto de dichas funcionalidades de la web y por lo tanto es posible que no pueda utilizarlas o navegar correctamente. <\/p><p><strong>Cookies de funciones de redes sociales<\/strong><\/p><p>Nuestra p\u00e1gina web incorpora espacios y contenidos en los que se han incluido botones sociales para que los usuarios puedan compartir nuestros contenidos en las redes sociales.<\/p><p>No controlamos las cookies que instala cada red social, aunque \u00e9stas suelen ser t\u00e9cnicas para el control del inicio de sesi\u00f3n o mostrar el contador que muestra cuantas veces se ha compartido un determinado contenido.<\/p><p>Recomendamos a todos los usuarios que revisen las condiciones de privacidad y cookies de cada red social, y en su caso, que modifiquen los par\u00e1metros de privacidad en cada una de ellas para limitar las finalidades de rastreo que, en su caso, puedan llevar a cabo.<\/p><p>Puesto que dichas cookies \u00fanicamente se instalan o ejecutan \u00fanicamente si el usuario hace uso de dicha funcionalidad, son consideradas t\u00e9cnicas y no pueden bloquearse.<\/p><p><strong>Cookies Anal\u00edticas<\/strong><\/p><p>Esta web utiliza cookies anal\u00edticas para recabar estad\u00edsticas sobre la actividad del usuario en la web y la actividad general de la misma. La informaci\u00f3n recopilada permite optimizar la navegaci\u00f3n por nuestra p\u00e1gina web y garantizar el mejor servicio al usuario, conociendo por ejemplo el n\u00famero de p\u00e1ginas visitadas, el idioma utilizado, la frecuencia y reincidencia de las visitas, el tiempo de las visitas o el navegador utilizado, entre otra. El usuario puede excluir su actividad mediante nuestro configurador de Cookies, los sistemas de exclusi\u00f3n facilitados por las herramientas anal\u00edticas o por la propia configuraci\u00f3n de su navegador.  <\/p><p>Las cookies anal\u00edticas utilizadas son las siguientes:<\/p><p><strong>Cookies Publicitarias<\/strong><\/p><p>Son cookies almacenadas por terceras partes que gestionan los espacios publicitarios que los usuarios visualizan al acceder a esta web. Estas cookies permiten medir la efectividad de nuestras campa\u00f1as online, proporcionar al usuario informaci\u00f3n de su inter\u00e9s y ofrecerle contenidos publicitarios de su preferencia. <\/p><p>Las cookies publicitarias utilizadas son las siguientes:<\/p><p><strong>4. M\u00e1s informaci\u00f3n<\/strong><\/p><p>Puede obtener m\u00e1s informaci\u00f3n sobre las cookies exactas que utilizamos en nuestro sitio web mediante nuestra herramienta de configuraci\u00f3n de cookies, pulsando en el bot\u00f3n \u201cMostrar detalles\u201d, donde adem\u00e1s podr\u00e1 seleccionar y configurar qu\u00e9 cookies permite que instalemos.<\/p><p>Dicha herramienta se muestra a todos los usuarios en su primera visita a la web, y es accesible en todo momento en la parte inferior de la p\u00e1gina.<\/p><p><strong>5. C\u00f3mo configurar los ajustes sobre cookies.<\/strong><\/p><p>Puede administrar y controlar la configuraci\u00f3n de sus cookies de varias formas.<\/p><p>No olvide que si borra o bloquea cookies algunas o todas las p\u00e1ginas web que visite (o funciones de dichas p\u00e1ginas) podr\u00edan no funcionar de forma correcta o tan eficazmente como antes.<\/p><p>Si deshabilita nuestras cookies t\u00e9cnicas o si borra todas las cookies, no se guardar\u00e1n sus preferencias y se le informar\u00e1 sobre nuestras cookies cada vez que visite nuestra web. Puede configurarlas desde nuestra herramienta de consentimiento, su navegador web, as\u00ed como desde las p\u00e1ginas web de aquellos terceros que instalen cookies en su dispositivo a trav\u00e9s de nuestras p\u00e1ginas web. <\/p><ul><li><strong>Configurar las Cookies mediante nuestra herramienta de consentimiento<\/strong><\/li><\/ul><p>Hemos implementado una herramienta que le permite obtener informaci\u00f3n sobre las cookies que instala nuestra p\u00e1gina web, en la que encontrar\u00e1 la siguiente informaci\u00f3n:<\/p><ul><li><p>Nombre de la cookie: Es el nombre t\u00e9cnico de la misma, y le sirve para poder identificarla y localizarla en su navegador si la quisiera, por ejemplo, eliminar manualmente.<\/p><\/li><li><p>Dominio: Indica el origen de la cookie, y por tanto si es propia (porque se origina en un dominio de nuestra titularidad), o si es de terceros (porque se origina en dominios ajenos).<\/p><\/li><li><p>Vencimiento: Es el plazo durante el cual cada cookie permanecer\u00e1 instalada en su dispositivo.<\/p><\/li><li><p>Descripci\u00f3n: Indica la finalidad y funcionalidad de esa cookie en concreto.<\/p><\/li><\/ul><p>Mediante esta herramienta, el usuario podr\u00e1 pulsar \u201cAceptar cookies\u201d, es decir, aceptarlas todas, \u201cNo aceptar cookies\u201d, es decir, rechazarlas todas, o seleccionar de entre las opciones disponibles aquellas que desea permitir instalar y aquellas que no.<\/p><p>Asimismo, podr\u00e1 cambiar su elecci\u00f3n en cualquier momento pulsando en el bot\u00f3n \u201cConfiguraci\u00f3n de cookies\u201d que encontrar\u00e1 en el pie de nuestra p\u00e1gina web, y que estar\u00e1 disponible en todo momento durante su navegaci\u00f3n.<\/p><ul><li><strong>Deshabilitar cookies desde su navegador web<\/strong><\/li><\/ul><p>La mayor\u00eda de los navegadores web le proporcionan informaci\u00f3n sobre las cookies, permiti\u00e9ndole ver qu\u00e9 cookies tiene instaladas, borrarlas todas o por separado, y permiti\u00e9ndole bloquear o permitir cookies de todas las p\u00e1ginas web o de algunas que seleccione.<\/p><p>As\u00ed mismo, puede deshabilitar cookies publicitarias de terceros por separado.<\/p><p>Tenga en cuenta que, si configura sus ajustes de cookies desde su navegador web, los cambios afectar\u00e1n a todas las p\u00e1ginas web que visite (no s\u00f3lo las nuestras), a no ser que borre o bloquee cada cookie por separado.<\/p><p>Encontrar\u00e1 informaci\u00f3n sobre cookies en el apartado de \u00abAyuda\u00bb de su navegador web. Le explicamos c\u00f3mo acceder a la configuraci\u00f3n de las cookies de los navegadores m\u00e1s utilizados. <\/p><ul><li>Chrome: <a href=\"http:\/\/support.google.com\/chrome\/bin\/answer.py?hl=es&amp;answer=95647\">http:\/\/support.google.com\/chrome\/bin\/answer.py?hl=es&amp;answer=95647<\/a><\/li><li>Firefox: <a href=\"http:\/\/support.mozilla.org\/es\/kb\/cookies-informacion-que-los-sitios-web-guardan-en-\">http:\/\/support.mozilla.org\/es\/kb\/cookies-informacion-que-los-sitios-web-guardan-en-<\/a><\/li><li>Safari: <a href=\"http:\/\/support.apple.com\/kb\/HT1677?viewlocale=es_ES\">http:\/\/support.apple.com\/kb\/HT1677?viewlocale=es_ES<\/a><\/li><li>Opera: <a href=\"http:\/\/help.opera.com\/Windows\/11.50\/es-ES\/cookies.html\">http:\/\/help.opera.com\/Windows\/11.50\/es-ES\/cookies.html<\/a><\/li><\/ul><ul><li><strong>Utilizar herramientas de terceros o navegadores<\/strong><\/li><\/ul><p>Existen herramientas, normalmente gratuitas, que permiten al usuario bloquear las cookies de las p\u00e1ginas web, o seleccionar en qu\u00e9 p\u00e1ginas desea permitir su instalaci\u00f3n.<\/p><p>Estas herramientas son conocidas como herramientas \u201cDo Not Track\u201d, y puede encontrarlas para la mayor\u00eda de navegadores existentes.<\/p><p>Asimismo, algunos navegadores ya incorporan este tipo de funcionalidades, por lo que puede configurarlo directamente sin necesidad de instalar herramientas de terceros.<\/p><p><strong>6. Consecuencias del borrado de cookies<\/strong><\/p><p>Si en cualquier momento eliminara las cookies de su navegador o dispositivo, tenga en cuenta que sus preferencias y configuraci\u00f3n de cookies tambi\u00e9n se eliminar\u00e1.<\/p><p>En cualquier caso, al volver a visitar nuestra p\u00e1gina web, volveremos a solicitarle consentimiento para su instalaci\u00f3n.<\/p><p><strong>7. Actualizaci\u00f3n de la informaci\u00f3n<\/strong><\/p><p>Podemos cambiar las cookies que instalamos en nuestro sitio web en cualquier momento, as\u00ed como el contenido de la presente Pol\u00edtica de Cookies, por lo que recomendamos a todos nuestros usuarios que accedan a esta informaci\u00f3n de forma regular.<\/p><p>Siempre que sea necesario un nuevo consentimiento, volver\u00e1 a aparecer la herramienta de configuraci\u00f3n de cookies.<\/p><p><strong>8. Pol\u00edtica de privacidad<\/strong><\/p><p>Para obtener m\u00e1s informaci\u00f3n acerca el tratamiento de los datos personales, as\u00ed como para ejercer sus derechos, puede acceder a nuestra Pol\u00edtica de Privacidad, disponible en el pie de nuestra p\u00e1gina web.<\/p>\t\t\t\t\t\t\t\t<\/div>\n\t\t\t\t<\/div>\n\t\t\t\t\t<\/div>\n\t\t<\/div>\n\t\t\t\t\t<\/div>\n\t\t<\/section>\n\t\t\t\t<\/div>\n\t\t","protected":false},"excerpt":{"rendered":"<p>Pol\u00edtica de Cookies Gran parte de las p\u00e1ginas web utilizan cookies, principalmente para mejorar la experiencia del usuario. En general las cookies no pueden perjudicar al equipo que las almacena, pero algunos usuarios prefieren bloquearlas y borrar las ya instaladas. Para que pueda decidir qu\u00e9 hacer con ellas le explicamos qu\u00e9 son las cookies, qu\u00e9 [&hellip;]<\/p>\n","protected":false},"author":1,"featured_media":0,"parent":0,"menu_order":0,"comment_status":"closed","ping_status":"closed","template":"","meta":{"footnotes":""},"class_list":["post-3010","page","type-page","status-publish","hentry"],"_links":{"self":[{"href":"https:\/\/www.peraladaresort.com\/es\/wp-json\/wp\/v2\/pages\/3010","targetHints":{"allow":["GET"]}}],"collection":[{"href":"https:\/\/www.peraladaresort.com\/es\/wp-json\/wp\/v2\/pages"}],"about":[{"href":"https:\/\/www.peraladaresort.com\/es\/wp-json\/wp\/v2\/types\/page"}],"author":[{"embeddable":true,"href":"https:\/\/www.peraladaresort.com\/es\/wp-json\/wp\/v2\/users\/1"}],"replies":[{"embeddable":true,"href":"https:\/\/www.peraladaresort.com\/es\/wp-json\/wp\/v2\/comments?post=3010"}],"version-history":[{"count":0,"href":"https:\/\/www.peraladaresort.com\/es\/wp-json\/wp\/v2\/pages\/3010\/revisions"}],"wp:attachment":[{"href":"https:\/\/www.peraladaresort.com\/es\/wp-json\/wp\/v2\/media?parent=3010"}],"curies":[{"name":"wp","href":"https:\/\/api.w.org\/{rel}","templated":true}]}}